{"id":13098,"date":"2019-04-19T06:34:19","date_gmt":"2019-04-19T06:34:19","guid":{"rendered":"https:\/\/www.charityoptimizer.com\/home\/"},"modified":"2021-04-26T17:57:24","modified_gmt":"2021-04-26T16:57:24","slug":"home","status":"publish","type":"page","link":"https:\/\/www.charityoptimizer.com\/en\/","title":{"rendered":"Why"},"content":{"rendered":"\t\t<div data-elementor-type=\"wp-page\" data-elementor-id=\"13098\" class=\"elementor elementor-13098 elementor-19\" data-elementor-settings=\"[]\">\n\t\t\t\t\t\t\t<div class=\"elementor-section-wrap\">\n\t\t\t\t\t\t\t<section class=\"elementor-section elementor-top-section elementor-element elementor-element-e841c57 elementor-section-boxed elementor-section-height-default elementor-section-height-default\" data-id=\"e841c57\" data-element_type=\"section\">\n\t\t\t\t\t\t<div class=\"elementor-container elementor-column-gap-default\">\n\t\t\t\t\t<div class=\"elementor-column elementor-col-33 elementor-top-column elementor-element elementor-element-0edd4cc\" data-id=\"0edd4cc\" data-element_type=\"column\">\n\t\t\t<div class=\"elementor-widget-wrap elementor-element-populated\">\n\t\t\t\t\t\t\t\t<div class=\"elementor-element elementor-element-85e5ecc elementor-widget elementor-widget-heading\" data-id=\"85e5ecc\" data-element_type=\"widget\" data-widget_type=\"heading.default\">\n\t\t\t\t<div class=\"elementor-widget-container\">\n\t\t\t<h2 class=\"elementor-heading-title elementor-size-default\">WHY<\/h2>\t\t<\/div>\n\t\t\t\t<\/div>\n\t\t\t\t\t<\/div>\n\t\t<\/div>\n\t\t\t\t<div class=\"elementor-column elementor-col-66 elementor-top-column elementor-element elementor-element-ff76461\" data-id=\"ff76461\" data-element_type=\"column\">\n\t\t\t<div class=\"elementor-widget-wrap elementor-element-populated\">\n\t\t\t\t\t\t\t\t<div class=\"elementor-element elementor-element-d0f17ab elementor-widget elementor-widget-text-editor\" data-id=\"d0f17ab\" data-element_type=\"widget\" data-widget_type=\"text-editor.default\">\n\t\t\t\t<div class=\"elementor-widget-container\">\n\t\t\t\t\t<div class=\"elementor-text-editor elementor-clearfix\"><p><span style=\"color: #1f5fad;\"><strong>TEXTE EN<\/strong><\/span><\/p><p><span style=\"color: #1f5fad;\"><strong>Parce que votre mission vise un monde meilleur.<\/strong><\/span><br \/>Vous embrassez un id\u00e9al qui aspire \u00e0 plus de justice, plus d\u2019\u00e9galit\u00e9, plus de s\u00e9curit\u00e9, plus de biodiversit\u00e9, plus de durabilit\u00e9, plus d\u2019acc\u00e8s aux soins ou \u00e0 de meilleures th\u00e9rapies, plus de protection du patrimoine, plus d\u2019ouverture et de culture, \u2026 <br \/>Bravo ! Nous admirons votre engagement et serions heureux de vous accompagner.<\/p><p>Notre mission est de vous aider \u00e0 <span style=\"color: #1f5fad;\"><strong>trouver les moyens<\/strong><\/span> pour vous permettre de r\u00e9ussir votre mission. Pour vous aider \u00e0 &#8220;sauver&#8221; le monde, nous nous engageons avec passion \u00e0 vos c\u00f4t\u00e9s pour optimaliser votre r\u00e9colte de fonds et votre communication.<\/p><\/div>\n\t\t\t\t<\/div>\n\t\t\t\t<\/div>\n\t\t\t\t\t<\/div>\n\t\t<\/div>\n\t\t\t\t\t\t\t<\/div>\n\t\t<\/section>\n\t\t\t\t<section class=\"elementor-section elementor-top-section elementor-element elementor-element-5d5d37a elementor-section-boxed elementor-section-height-default elementor-section-height-default\" data-id=\"5d5d37a\" data-element_type=\"section\">\n\t\t\t\t\t\t<div class=\"elementor-container elementor-column-gap-default\">\n\t\t\t\t\t<div class=\"elementor-column elementor-col-100 elementor-top-column elementor-element elementor-element-e6509a6\" data-id=\"e6509a6\" data-element_type=\"column\">\n\t\t\t<div class=\"elementor-widget-wrap elementor-element-populated\">\n\t\t\t\t\t\t\t\t<div class=\"elementor-element elementor-element-66bf35d elementor-widget elementor-widget-html\" data-id=\"66bf35d\" data-element_type=\"widget\" data-widget_type=\"html.default\">\n\t\t\t\t<div class=\"elementor-widget-container\">\n\t\t\t<section class=\"elementor-section elementor-top-section elementor-element elementor-element-5d5d37a elementor-section-boxed elementor-section-height-default elementor-section-height-default\" data-id=\"5d5d37a\" data-element_type=\"section\">\n\t\t\t\t\t\t<div class=\"elementor-container elementor-column-gap-default\">\n\t\t\t\t\t<div class=\"elementor-column elementor-col-100 elementor-top-column elementor-element elementor-element-e6509a6\" data-id=\"e6509a6\" data-element_type=\"column\">\n\t\t\t<div class=\"elementor-widget-wrap elementor-element-populated\">\n\t\t\t\t\t\t\t\t<div class=\"elementor-element elementor-element-66bf35d elementor-widget elementor-widget-html\" data-id=\"66bf35d\" data-element_type=\"widget\" data-widget_type=\"html.default\">\n\t\t\t\t<div class=\"elementor-widget-container\">\n\t\t\t<section class=\"elementor-section elementor-top-section elementor-element elementor-element-5d5d37a elementor-section-boxed elementor-section-height-default elementor-section-height-default\" data-id=\"5d5d37a\" data-element_type=\"section\" style=\"padding-top:0px; padding-bottom:0px;\">\n\t\t\t\t\t\t<div class=\"elementor-container elementor-column-gap-default\">\n\t\t\t\t\t<div class=\"elementor-column elementor-col-100 elementor-top-column elementor-element elementor-element-e6509a6\" data-id=\"e6509a6\" data-element_type=\"column\">\n\t\t\t<div class=\"elementor-widget-wrap elementor-element-populated\">\n\t\t\t\t\t\t\t\t<div class=\"elementor-element elementor-element-66bf35d elementor-widget elementor-widget-html\" data-id=\"66bf35d\" data-element_type=\"widget\" data-widget_type=\"html.default\">\n\t\t\t\t<div class=\"elementor-widget-container\">\n\t\t\t<section class=\"elementor-section elementor-top-section elementor-element elementor-element-6be1cd1e elementor-section-boxed elementor-section-height-default elementor-section-height-default\" data-id=\"6be1cd1e\" data-element_type=\"section\" style=\"padding-top:0px; padding-bottom:0px;\">\n\t\t\t\t\t\t<div class=\"elementor-container elementor-column-gap-default\">\n\t\t\t\t\t<div class=\"elementor-column elementor-col-100 elementor-top-column elementor-element elementor-element-54da1caa\" data-id=\"54da1caa\" data-element_type=\"column\">\n\t\t\t<div class=\"elementor-widget-wrap elementor-element-populated\">\n\t\t\t\t\t\t\t\t<section class=\"elementor-section elementor-inner-section elementor-element elementor-element-27f7dae4 elementor-section-boxed elementor-section-height-default elementor-section-height-default\" data-id=\"27f7dae4\" data-element_type=\"section\">\n\t\t\t\t\t\t<div class=\"elementor-container elementor-column-gap-default\">\n\t\t\t\t\t<div class=\"elementor-column elementor-col-33 elementor-inner-column elementor-element elementor-element-311a0ea1\" data-id=\"311a0ea1\" data-element_type=\"column\">\n\t\t\t<div class=\"elementor-widget-wrap elementor-element-populated\">\n\t\t\t\t\t\t\t\t<div class=\"elementor-element elementor-element-49488cb0 elementor-widget elementor-widget-miionflipbox animated slideInUp\" data-id=\"49488cb0\" data-element_type=\"widget\" data-settings=\"{&quot;_animation&quot;:&quot;slideInUp&quot;}\" data-widget_type=\"miionflipbox.default\">\n\t\t\t\t<div class=\"elementor-widget-container\">\n\t\t\t<div class=\"flip-box-wrapper text-center\" data-css=\"&quot;&quot;\"><div class=\"flip-box-inner imghvr-flip-3d-horz\"><div class=\"flip-front\" style=\"background-color: #1F5FAD; color:#fff; padding-top:100px; padding-bottom:205px;\"><h2 class=\"flip-box-title\" style=\"color:#fff;\">HOW<\/h2><div class=\"flip-content\" style=\"font-family: Lato, Arial, serif; font-size: 20px;\">Quelles m\u00e9thodes ?<br>\nQuelle approche ?\n<\/div><\/div><!-- .flip-front --><div class=\"flip-back\" style=\"background-color: #1F5FAD; padding-top:50px; padding-bottom:205px; color:#fff;\"><h2 class=\"flip-box-title\" style=\"color:#fff;\">HOW<\/h2><div class=\"flip-content\">En posant les questions pertinentes, \nnous rechercherons les \nmeilleures pistes et aboutirons \naux meilleures r\u00e9ponses.\n<br><br>Techniques, m\u00e9thodologie, \ncr\u00e9ativit\u00e9, clart\u00e9.<\/div><div class=\"flip-box-btn\"><a class=\"btn btn-link\" href=\"\/how\" title=\"D\u00e9couvrez notre HOW\" style=\"font-family: Lato, Arial, serif;font-size: 20px; text-decoration: underline;\">D\u00e9couvrez notre approche<\/a><\/div><!-- .flip-box-btn --><\/div><!-- .flip-back --><\/div><!-- .flip-inner --><\/div><!-- .flip-box-wrapper -->\t\t<\/div>\n\t\t\t\t<\/div>\n\t\t\t\t\t<\/div>\n\t\t<\/div>\n\t\t\t\t<div class=\"elementor-column elementor-col-33 elementor-inner-column elementor-element elementor-element-52d2919c\" data-id=\"52d2919c\" data-element_type=\"column\">\n\t\t\t<div class=\"elementor-widget-wrap elementor-element-populated\">\n\t\t\t\t\t\t\t\t<div class=\"elementor-element elementor-element-46f5d998 elementor-widget elementor-widget-miionflipbox animated slideInUp\" data-id=\"46f5d998\" data-element_type=\"widget\" data-settings=\"{&quot;_animation&quot;:&quot;slideInUp&quot;}\" data-widget_type=\"miionflipbox.default\">\n\t\t\t\t<div class=\"elementor-widget-container\">\n\t\t\t<div class=\"flip-box-wrapper text-center\" data-css=\"&quot;&quot;\"><div class=\"flip-box-inner imghvr-flip-3d-horz\"><div class=\"flip-front\" style=\"background-color: #fff; color:#000; padding-top:100px; padding-bottom:205px;\"><h2 class=\"flip-box-title\">WHAT<\/h2><div class=\"flip-content\" style=\"font-family: Lato, Arial, serif; font-size: 20px;\">Quels services ?<br>\nQuels outils ?\n<\/div><\/div><!-- .flip-front --><div class=\"flip-back\" style=\"background-color: #1F5FAD; padding-top:50px; padding-bottom:205px; color:#fff;\"><h2 class=\"flip-box-title\" style=\"color:#fff;\">WHAT<\/h2><div class=\"flip-content\">Une riche bo\u00eete \u00e0 outils et \ndes services \u00e0 la carte.<br>\n\n<br>En mode THINK pour optimaliser \nvos activit\u00e9s ou en mode THINK &amp; DO \npour mettre en oeuvre les \nrecommandations optimalisantes.\n<\/div><div class=\"flip-box-btn\"><a class=\"btn btn-link\" href=\"\/what\" title=\"D\u00e9couvrez notre bo\u00eete \u00e0 outils\" style=\"font-family: Lato, Arial, serif;font-size: 20px; text-decoration: underline;\">D\u00e9couvrez notre bo\u00eete \u00e0 outils<\/a><\/div><!-- .flip-box-btn --><\/div><!-- .flip-back --><\/div><!-- .flip-inner --><\/div><!-- .flip-box-wrapper -->\t\t<\/div>\n\t\t\t\t<\/div>\n\t\t\t\t\t<\/div>\n\t\t<\/div>\n\t\t\t\t<div class=\"elementor-column elementor-col-33 elementor-inner-column elementor-element elementor-element-a500e73\" data-id=\"a500e73\" data-element_type=\"column\">\n\t\t\t<div class=\"elementor-widget-wrap elementor-element-populated\">\n\t\t\t\t\t\t\t\t<div class=\"elementor-element elementor-element-656516f7 elementor-widget elementor-widget-miionflipbox animated slideInUp\" data-id=\"656516f7\" data-element_type=\"widget\" data-settings=\"{&quot;_animation&quot;:&quot;slideInUp&quot;}\" data-widget_type=\"miionflipbox.default\">\n\t\t\t\t<div class=\"elementor-widget-container\">\n\t\t\t<div class=\"flip-box-wrapper text-center\" data-css=\"&quot;&quot;\"><div class=\"flip-box-inner imghvr-flip-3d-horz\"><div class=\"flip-front\" style=\"background-color: #fff; color:#000; padding-top:100px; padding-bottom:205px;\"><h2 class=\"flip-box-title\">WHO<\/h2><div class=\"flip-content\"  style=\"font-family: Lato, Arial, serif; font-size: 20px;\">Pour qui ?<br>\nPar qui ?\n<\/div><\/div><!-- .flip-front --><div class=\"flip-back\" style=\"background-color: #1F5FAD; padding-top:50px; padding-bottom:205px; color:#fff;\"><h2 class=\"flip-box-title\" style=\"color:#fff;\">WHO<\/h2><div class=\"flip-content\">Experts en fundraising et en communication, nous vous aidons \u00e0 transformer le monde en mieux.<br><br>Nous avons une obsession : L'EFFICACITE !<\/div><div class=\"flip-box-btn\"><a class=\"btn btn-link\" href=\"\/who\" title=\"D\u00e9couvrez qui nous sommes\" style=\"font-family: Lato, Arial, serif;font-size: 20px; text-decoration: underline;\">D\u00e9couvrez qui nous sommes<\/a><\/div><!-- .flip-box-btn --><\/div><!-- .flip-back --><\/div><!-- .flip-inner --><\/div><!-- .flip-box-wrapper -->\t\t<\/div>\n\t\t\t\t<\/div>\n\t\t\t\t\t<\/div>\n\t\t<\/div>\n\t\t\t\t\t\t\t<\/div>\n\t\t<\/section>\n\t\t\t\t\t<\/div>\n\t\t<\/div>\n\t\t\t\t\t\t\t<\/div>\n\t\t<\/section>\t\t<\/div>\n\t\t\t\t<\/div>\n\t\t\t\t\t<\/div>\n\t\t<\/div>\n\t\t\t\t\t\t\t<\/div>\n\t\t<\/section>\n<\/div>\n\t\t\t\t<\/div>\n\t\t\t\t\t<\/div>\n\t\t<\/div>\n\t\t\t\t\t\t\t<\/div>\n\t\t<\/section>\t\t<\/div>\n\t\t\t\t<\/div>\n\t\t\t\t\t<\/div>\n\t\t<\/div>\n\t\t\t\t\t\t\t<\/div>\n\t\t<\/section>\n\t\t\t\t\t\t<\/div>\n\t\t\t\t\t<\/div>\n\t\t","protected":false},"excerpt":{"rendered":"<p>WHY TEXTE EN Parce que votre mission vise un monde meilleur.Vous embrassez un id\u00e9al qui aspire \u00e0 plus de justice, plus d\u2019\u00e9galit\u00e9, plus de s\u00e9curit\u00e9, plus de biodiversit\u00e9, plus de durabilit\u00e9, plus d\u2019acc\u00e8s aux soins ou \u00e0 de meilleures th\u00e9rapies, plus de protection du patrimoine, plus d\u2019ouverture et de culture, \u2026 Bravo ! Nous admirons<\/p>\n","protected":false},"author":1,"featured_media":0,"parent":0,"menu_order":0,"comment_status":"closed","ping_status":"closed","template":"","meta":[],"yoast_head":"<!-- This site is optimized with the Yoast SEO plugin v16.0.2 - https:\/\/yoast.com\/wordpress\/plugins\/seo\/ -->\n<title>Why - Charity Optimizer<\/title>\n<meta name=\"robots\" content=\"noindex, follow, max-snippet:-1, max-image-preview:large, max-video-preview:-1\" \/>\n<meta property=\"og:locale\" content=\"en_US\" \/>\n<meta property=\"og:type\" content=\"article\" \/>\n<meta property=\"og:title\" content=\"Why - Charity Optimizer\" \/>\n<meta property=\"og:description\" content=\"WHY TEXTE EN Parce que votre mission vise un monde meilleur.Vous embrassez un id\u00e9al qui aspire \u00e0 plus de justice, plus d\u2019\u00e9galit\u00e9, plus de s\u00e9curit\u00e9, plus de biodiversit\u00e9, plus de durabilit\u00e9, plus d\u2019acc\u00e8s aux soins ou \u00e0 de meilleures th\u00e9rapies, plus de protection du patrimoine, plus d\u2019ouverture et de culture, \u2026 Bravo ! Nous admirons\" \/>\n<meta property=\"og:url\" content=\"https:\/\/www.charityoptimizer.com\/en\/\" \/>\n<meta property=\"og:site_name\" content=\"Charity Optimizer\" \/>\n<meta property=\"article:modified_time\" content=\"2021-04-26T16:57:24+00:00\" \/>\n<meta name=\"twitter:label1\" content=\"Est. reading time\">\n\t<meta name=\"twitter:data1\" content=\"3 minutes\">\n<script type=\"application\/ld+json\" class=\"yoast-schema-graph\">{\"@context\":\"https:\/\/schema.org\",\"@graph\":[{\"@type\":\"WebSite\",\"@id\":\"https:\/\/www.charityoptimizer.com\/#website\",\"url\":\"https:\/\/www.charityoptimizer.com\/\",\"name\":\"Charity Optimizer\",\"description\":\"\",\"potentialAction\":[{\"@type\":\"SearchAction\",\"target\":\"https:\/\/www.charityoptimizer.com\/?s={search_term_string}\",\"query-input\":\"required name=search_term_string\"}],\"inLanguage\":\"en-US\"},{\"@type\":\"WebPage\",\"@id\":\"https:\/\/www.charityoptimizer.com\/en\/#webpage\",\"url\":\"https:\/\/www.charityoptimizer.com\/en\/\",\"name\":\"Why - Charity Optimizer\",\"isPartOf\":{\"@id\":\"https:\/\/www.charityoptimizer.com\/#website\"},\"datePublished\":\"2019-04-19T06:34:19+00:00\",\"dateModified\":\"2021-04-26T16:57:24+00:00\",\"breadcrumb\":{\"@id\":\"https:\/\/www.charityoptimizer.com\/en\/#breadcrumb\"},\"inLanguage\":\"en-US\",\"potentialAction\":[{\"@type\":\"ReadAction\",\"target\":[\"https:\/\/www.charityoptimizer.com\/en\/\"]}]},{\"@type\":\"BreadcrumbList\",\"@id\":\"https:\/\/www.charityoptimizer.com\/en\/#breadcrumb\",\"itemListElement\":[{\"@type\":\"ListItem\",\"position\":1,\"item\":{\"@type\":\"WebPage\",\"@id\":\"https:\/\/www.charityoptimizer.com\/en\/\",\"url\":\"https:\/\/www.charityoptimizer.com\/en\/\",\"name\":\"Accueil\"}},{\"@type\":\"ListItem\",\"position\":2,\"item\":{\"@type\":\"WebPage\",\"@id\":\"https:\/\/www.charityoptimizer.com\/en\/\",\"url\":\"https:\/\/www.charityoptimizer.com\/en\/\",\"name\":\"Why\"}}]}]}<\/script>\n<!-- \/ Yoast SEO plugin. -->","_links":{"self":[{"href":"https:\/\/www.charityoptimizer.com\/en\/wp-json\/wp\/v2\/pages\/13098"}],"collection":[{"href":"https:\/\/www.charityoptimizer.com\/en\/wp-json\/wp\/v2\/pages"}],"about":[{"href":"https:\/\/www.charityoptimizer.com\/en\/wp-json\/wp\/v2\/types\/page"}],"author":[{"embeddable":true,"href":"https:\/\/www.charityoptimizer.com\/en\/wp-json\/wp\/v2\/users\/1"}],"replies":[{"embeddable":true,"href":"https:\/\/www.charityoptimizer.com\/en\/wp-json\/wp\/v2\/comments?post=13098"}],"version-history":[{"count":3,"href":"https:\/\/www.charityoptimizer.com\/en\/wp-json\/wp\/v2\/pages\/13098\/revisions"}],"predecessor-version":[{"id":13101,"href":"https:\/\/www.charityoptimizer.com\/en\/wp-json\/wp\/v2\/pages\/13098\/revisions\/13101"}],"wp:attachment":[{"href":"https:\/\/www.charityoptimizer.com\/en\/wp-json\/wp\/v2\/media?parent=13098"}],"curies":[{"name":"wp","href":"https:\/\/api.w.org\/{rel}","templated":true}]}}