{"id":13090,"date":"2021-04-08T16:38:52","date_gmt":"2021-04-08T15:38:52","guid":{"rendered":"https:\/\/www.charityoptimizer.com\/who\/"},"modified":"2021-04-26T08:53:18","modified_gmt":"2021-04-26T07:53:18","slug":"who","status":"publish","type":"page","link":"https:\/\/www.charityoptimizer.com\/nl\/who\/","title":{"rendered":"Who"},"content":{"rendered":"\t\t<div data-elementor-type=\"wp-page\" data-elementor-id=\"13090\" class=\"elementor elementor-13090 elementor-12747\" data-elementor-settings=\"[]\">\n\t\t\t\t\t\t\t<div class=\"elementor-section-wrap\">\n\t\t\t\t\t\t\t<section class=\"elementor-section elementor-top-section elementor-element elementor-element-50c09b9 elementor-section-boxed elementor-section-height-default elementor-section-height-default\" data-id=\"50c09b9\" data-element_type=\"section\">\n\t\t\t\t\t\t<div class=\"elementor-container elementor-column-gap-default\">\n\t\t\t\t\t<div class=\"elementor-column elementor-col-33 elementor-top-column elementor-element elementor-element-a092c70\" data-id=\"a092c70\" data-element_type=\"column\">\n\t\t\t<div class=\"elementor-widget-wrap elementor-element-populated\">\n\t\t\t\t\t\t\t\t<div class=\"elementor-element elementor-element-41efe71 elementor-widget elementor-widget-heading\" data-id=\"41efe71\" data-element_type=\"widget\" data-widget_type=\"heading.default\">\n\t\t\t\t<div class=\"elementor-widget-container\">\n\t\t\t<h2 class=\"elementor-heading-title elementor-size-default\">WHO<\/h2>\t\t<\/div>\n\t\t\t\t<\/div>\n\t\t\t\t\t<\/div>\n\t\t<\/div>\n\t\t\t\t<div class=\"elementor-column elementor-col-66 elementor-top-column elementor-element elementor-element-69b4176\" data-id=\"69b4176\" data-element_type=\"column\">\n\t\t\t<div class=\"elementor-widget-wrap elementor-element-populated\">\n\t\t\t\t\t\t\t\t<div class=\"elementor-element elementor-element-50dc6ab elementor-widget elementor-widget-text-editor\" data-id=\"50dc6ab\" data-element_type=\"widget\" data-widget_type=\"text-editor.default\">\n\t\t\t\t<div class=\"elementor-widget-container\">\n\t\t\t\t\t<div class=\"elementor-text-editor elementor-clearfix\"><p>Texte NL<\/p><p>En collaborant avec Charity OPTIMIZER, vous faites d\u2019abord appel \u00e0 une personne, Serge Schmitz, qui impliquera son r\u00e9seau d\u2019experts selon les besoins (strat\u00e8ges, copywriters, graphistes, web designers et autres sp\u00e9cialistes).<\/p><p>Vous b\u00e9n\u00e9ficierez ainsi des exp\u00e9riences acquises pendant pr\u00e8s de 20 ans aupr\u00e8s d&#8217;associations embl\u00e9matiques telles que <strong><span style=\"color: #1f5fad;\">M\u00e9decins Sans Fronti\u00e8res<\/span><\/strong> ou <span style=\"color: #1f5fad;\"><strong>Unicef<\/strong><\/span>, ainsi que des comp\u00e9tences d\u00e9velopp\u00e9es \u00e0 la t\u00eate des \u00e9quipes fundraising et communication de <span style=\"color: #1f5fad;\"><strong>WWF<\/strong><\/span> et de <strong><span style=\"color: #1f5fad;\">BIG against breast cancer<\/span><\/strong>.<\/p><\/div>\n\t\t\t\t<\/div>\n\t\t\t\t<\/div>\n\t\t\t\t\t<\/div>\n\t\t<\/div>\n\t\t\t\t\t\t\t<\/div>\n\t\t<\/section>\n\t\t\t\t<section class=\"elementor-section elementor-top-section elementor-element elementor-element-db33673 elementor-section-boxed elementor-section-height-default elementor-section-height-default\" data-id=\"db33673\" data-element_type=\"section\">\n\t\t\t\t\t\t<div class=\"elementor-container elementor-column-gap-default\">\n\t\t\t\t\t<div class=\"elementor-column elementor-col-33 elementor-top-column elementor-element elementor-element-09a90f2\" data-id=\"09a90f2\" data-element_type=\"column\" data-settings=\"{&quot;background_background&quot;:&quot;classic&quot;}\">\n\t\t\t<div class=\"elementor-widget-wrap elementor-element-populated\">\n\t\t\t\t\t\t\t\t<div class=\"elementor-element elementor-element-9a5c478 elementor-widget elementor-widget-heading\" data-id=\"9a5c478\" data-element_type=\"widget\" data-widget_type=\"heading.default\">\n\t\t\t\t<div class=\"elementor-widget-container\">\n\t\t\t<h2 class=\"elementor-heading-title elementor-size-default\">5*<\/h2>\t\t<\/div>\n\t\t\t\t<\/div>\n\t\t\t\t<div class=\"elementor-element elementor-element-1e61507 elementor-widget elementor-widget-text-editor\" data-id=\"1e61507\" data-element_type=\"widget\" data-widget_type=\"text-editor.default\">\n\t\t\t\t<div class=\"elementor-widget-container\">\n\t\t\t\t\t<div class=\"elementor-text-editor elementor-clearfix\"><p>pour vous aider \u00e0 optimaliser votre r\u00e9colte de fonds et votre communication<\/p><\/div>\n\t\t\t\t<\/div>\n\t\t\t\t<\/div>\n\t\t\t\t\t<\/div>\n\t\t<\/div>\n\t\t\t\t<div class=\"elementor-column elementor-col-66 elementor-top-column elementor-element elementor-element-3eeff00\" data-id=\"3eeff00\" data-element_type=\"column\">\n\t\t\t<div class=\"elementor-widget-wrap elementor-element-populated\">\n\t\t\t\t\t\t\t\t<div class=\"elementor-element elementor-element-38f7f47 elementor-widget elementor-widget-text-editor\" data-id=\"38f7f47\" data-element_type=\"widget\" data-widget_type=\"text-editor.default\">\n\t\t\t\t<div class=\"elementor-widget-container\">\n\t\t\t\t\t<div class=\"elementor-text-editor elementor-clearfix\"><p>* <span style=\"color: #1f5fad;\"><strong>Strat\u00e8ge no-nonsense<\/strong><\/span> capable de concevoir des plans innovants et de transformer des concepts complexes en projets compr\u00e9hensibles et inspirants<\/p><p>* <span style=\"color: #1f5fad;\"><strong>Cr\u00e9atif orient\u00e9 r\u00e9sultats<\/strong><\/span>, jonglant avec les techniques de brainstorming et \u00e9valuant constamment le R.O.I. des actions pour l\u2019association ou le R.O.S.I. (Return On Social Investment) pour les partenaires corporate<\/p><p>* <span style=\"color: #1f5fad;\"><strong>Expert en marketing direct<\/strong><\/span>, tant pour les messages postaux que digitaux<\/p><p>* <span style=\"color: #1f5fad;\"><strong>Conteur vulgarisateur<\/strong><\/span>, exploitant les ficelles du storytelling pour pr\u00e9senter les projets \u00e0 soutenir de fa\u00e7on attractive et limpide<\/p><p>* <span style=\"color: #1f5fad;\"><strong>Polyglotte<\/strong><\/span> \u00e0 l\u2019aise pour communiquer et travailler en FR \u2013 NL \u2013 EN<\/p><\/div>\n\t\t\t\t<\/div>\n\t\t\t\t<\/div>\n\t\t\t\t\t<\/div>\n\t\t<\/div>\n\t\t\t\t\t\t\t<\/div>\n\t\t<\/section>\n\t\t\t\t<section class=\"elementor-section elementor-top-section elementor-element elementor-element-8b10131 elementor-section-stretched elementor-section-boxed elementor-section-height-default elementor-section-height-default\" data-id=\"8b10131\" data-element_type=\"section\" data-settings=\"{&quot;stretch_section&quot;:&quot;section-stretched&quot;,&quot;background_background&quot;:&quot;classic&quot;}\">\n\t\t\t\t\t\t<div class=\"elementor-container elementor-column-gap-default\">\n\t\t\t\t\t<div class=\"elementor-column elementor-col-66 elementor-top-column elementor-element elementor-element-bf52f22\" data-id=\"bf52f22\" data-element_type=\"column\">\n\t\t\t<div class=\"elementor-widget-wrap elementor-element-populated\">\n\t\t\t\t\t\t\t\t<div class=\"elementor-element elementor-element-f9b3666 elementor-widget elementor-widget-text-editor\" data-id=\"f9b3666\" data-element_type=\"widget\" data-widget_type=\"text-editor.default\">\n\t\t\t\t<div class=\"elementor-widget-container\">\n\t\t\t\t\t<div class=\"elementor-text-editor elementor-clearfix\"><p><strong><span style=\"color: #1f5fad;\">\u00ab\u00a0 <\/span><\/strong><span style=\"color: #000000;\">Apr\u00e8s une premi\u00e8re carri\u00e8re dans le secteur priv\u00e9, j\u2019ai fait le choix de soutenir, avec mes comp\u00e9tences, des organisations engag\u00e9es \u00e0 changer le monde\u00a0; que ce soit \u00e0 travers la recherche m\u00e9dicale, la pr\u00e9servation de l\u2019environnement, une plus grande justice sociale.<br \/><\/span><span style=\"background-color: var( --e-global-color-primary ); color: #000000;\"><br \/>Depuis, j\u2019ai perfectionn\u00e9 diverses sp\u00e9cialit\u00e9s en fundraising et en communication et ai constitu\u00e9 un r\u00e9seau d\u2019experts pour apporter des services \u00e0 la carte aux organisations sans but lucratif.<\/span><span style=\"background-color: var( --e-global-color-primary );\"> \u00a0<\/span><strong style=\"background-color: var( --e-global-color-primary );\"><span style=\"color: #1f5fad;\">\u00bb<\/span><\/strong><\/p><\/div>\n\t\t\t\t<\/div>\n\t\t\t\t<\/div>\n\t\t\t\t\t<\/div>\n\t\t<\/div>\n\t\t\t\t<div class=\"elementor-column elementor-col-33 elementor-top-column elementor-element elementor-element-b6c3870\" data-id=\"b6c3870\" data-element_type=\"column\">\n\t\t\t<div class=\"elementor-widget-wrap elementor-element-populated\">\n\t\t\t\t\t\t\t\t<div class=\"elementor-element elementor-element-b8e24ae elementor-widget elementor-widget-heading\" data-id=\"b8e24ae\" data-element_type=\"widget\" data-widget_type=\"heading.default\">\n\t\t\t\t<div class=\"elementor-widget-container\">\n\t\t\t<h2 class=\"elementor-heading-title elementor-size-default\">We are all<br>\nabout better\n<\/h2>\t\t<\/div>\n\t\t\t\t<\/div>\n\t\t\t\t\t<\/div>\n\t\t<\/div>\n\t\t\t\t\t\t\t<\/div>\n\t\t<\/section>\n\t\t\t\t<section class=\"elementor-section elementor-top-section elementor-element elementor-element-4893929 elementor-section-boxed elementor-section-height-default elementor-section-height-default\" data-id=\"4893929\" data-element_type=\"section\">\n\t\t\t\t\t\t<div class=\"elementor-container elementor-column-gap-default\">\n\t\t\t\t\t<div class=\"elementor-column elementor-col-100 elementor-top-column elementor-element elementor-element-6f3965d\" data-id=\"6f3965d\" data-element_type=\"column\">\n\t\t\t<div class=\"elementor-widget-wrap elementor-element-populated\">\n\t\t\t\t\t\t\t\t<div class=\"elementor-element elementor-element-18d1afd elementor-widget elementor-widget-heading\" data-id=\"18d1afd\" data-element_type=\"widget\" data-widget_type=\"heading.default\">\n\t\t\t\t<div class=\"elementor-widget-container\">\n\t\t\t<h2 class=\"elementor-heading-title elementor-size-default\">Quelques citations qui m'inspirent\n<\/h2>\t\t<\/div>\n\t\t\t\t<\/div>\n\t\t\t\t\t<\/div>\n\t\t<\/div>\n\t\t\t\t\t\t\t<\/div>\n\t\t<\/section>\n\t\t\t\t<section class=\"elementor-section elementor-top-section elementor-element elementor-element-4030566 elementor-section-boxed elementor-section-height-default elementor-section-height-default\" data-id=\"4030566\" data-element_type=\"section\">\n\t\t\t\t\t\t<div class=\"elementor-container elementor-column-gap-default\">\n\t\t\t\t\t<div class=\"elementor-column elementor-col-25 elementor-top-column elementor-element elementor-element-60c7db6\" data-id=\"60c7db6\" data-element_type=\"column\">\n\t\t\t<div class=\"elementor-widget-wrap elementor-element-populated\">\n\t\t\t\t\t\t\t\t<div class=\"elementor-element elementor-element-241cccf elementor-widget elementor-widget-testimonial\" data-id=\"241cccf\" data-element_type=\"widget\" data-widget_type=\"testimonial.default\">\n\t\t\t\t<div class=\"elementor-widget-container\">\n\t\t\t\t\t<div class=\"elementor-testimonial-wrapper elementor-testimonial-text-align-left\">\n\t\t\t\t\t\t\t<div class=\"elementor-testimonial-content\">Fight for the things that you care about, but do it in a way that will lead others to join you.\n<\/div>\n\t\t\t\n\t\t\t\t\t\t<div class=\"elementor-testimonial-meta\">\n\t\t\t\t<div class=\"elementor-testimonial-meta-inner\">\n\t\t\t\t\t\n\t\t\t\t\t\t\t\t\t\t<div class=\"elementor-testimonial-details\">\n\t\t\t\t\t\t\t\t\t\t\t\t\t\t<div class=\"elementor-testimonial-name\">Ruth Bader Ginsburg<\/div>\n\t\t\t\t\t\t\t\t\t\t\t\t\t\t\t\t\t\t\t<\/div>\n\t\t\t\t\t\t\t\t\t<\/div>\n\t\t\t<\/div>\n\t\t\t\t\t<\/div>\n\t\t\t\t<\/div>\n\t\t\t\t<\/div>\n\t\t\t\t\t<\/div>\n\t\t<\/div>\n\t\t\t\t<div class=\"elementor-column elementor-col-25 elementor-top-column elementor-element elementor-element-e1c1129\" data-id=\"e1c1129\" data-element_type=\"column\">\n\t\t\t<div class=\"elementor-widget-wrap elementor-element-populated\">\n\t\t\t\t\t\t\t\t<div class=\"elementor-element elementor-element-dc66166 elementor-widget elementor-widget-testimonial\" data-id=\"dc66166\" data-element_type=\"widget\" data-widget_type=\"testimonial.default\">\n\t\t\t\t<div class=\"elementor-widget-container\">\n\t\t\t\t\t<div class=\"elementor-testimonial-wrapper elementor-testimonial-text-align-left\">\n\t\t\t\t\t\t\t<div class=\"elementor-testimonial-content\">Just because you are struggling doesn't mean you are failing.\n\n\n<\/div>\n\t\t\t\n\t\t\t\t\t\t<div class=\"elementor-testimonial-meta\">\n\t\t\t\t<div class=\"elementor-testimonial-meta-inner\">\n\t\t\t\t\t\n\t\t\t\t\t\t\t\t\t\t<div class=\"elementor-testimonial-details\">\n\t\t\t\t\t\t\t\t\t\t\t\t\t\t<div class=\"elementor-testimonial-name\">Nicky Gumble<\/div>\n\t\t\t\t\t\t\t\t\t\t\t\t\t\t\t\t\t\t\t<\/div>\n\t\t\t\t\t\t\t\t\t<\/div>\n\t\t\t<\/div>\n\t\t\t\t\t<\/div>\n\t\t\t\t<\/div>\n\t\t\t\t<\/div>\n\t\t\t\t\t<\/div>\n\t\t<\/div>\n\t\t\t\t<div class=\"elementor-column elementor-col-25 elementor-top-column elementor-element elementor-element-b9a79d9\" data-id=\"b9a79d9\" data-element_type=\"column\">\n\t\t\t<div class=\"elementor-widget-wrap elementor-element-populated\">\n\t\t\t\t\t\t\t\t<div class=\"elementor-element elementor-element-37770d1 elementor-widget elementor-widget-testimonial\" data-id=\"37770d1\" data-element_type=\"widget\" data-widget_type=\"testimonial.default\">\n\t\t\t\t<div class=\"elementor-widget-container\">\n\t\t\t\t\t<div class=\"elementor-testimonial-wrapper elementor-testimonial-text-align-left\">\n\t\t\t\t\t\t\t<div class=\"elementor-testimonial-content\">No one has ever become poor by giving.\n<\/div>\n\t\t\t\n\t\t\t\t\t\t<div class=\"elementor-testimonial-meta\">\n\t\t\t\t<div class=\"elementor-testimonial-meta-inner\">\n\t\t\t\t\t\n\t\t\t\t\t\t\t\t\t\t<div class=\"elementor-testimonial-details\">\n\t\t\t\t\t\t\t\t\t\t\t\t\t\t<div class=\"elementor-testimonial-name\">Anne Frank<\/div>\n\t\t\t\t\t\t\t\t\t\t\t\t\t\t\t\t\t\t\t<\/div>\n\t\t\t\t\t\t\t\t\t<\/div>\n\t\t\t<\/div>\n\t\t\t\t\t<\/div>\n\t\t\t\t<\/div>\n\t\t\t\t<\/div>\n\t\t\t\t\t<\/div>\n\t\t<\/div>\n\t\t\t\t<div class=\"elementor-column elementor-col-25 elementor-top-column elementor-element elementor-element-0649639\" data-id=\"0649639\" data-element_type=\"column\">\n\t\t\t<div class=\"elementor-widget-wrap elementor-element-populated\">\n\t\t\t\t\t\t\t\t<div class=\"elementor-element elementor-element-0c4c037 elementor-widget elementor-widget-testimonial\" data-id=\"0c4c037\" data-element_type=\"widget\" data-widget_type=\"testimonial.default\">\n\t\t\t\t<div class=\"elementor-widget-container\">\n\t\t\t\t\t<div class=\"elementor-testimonial-wrapper elementor-testimonial-text-align-left\">\n\t\t\t\t\t\t\t<div class=\"elementor-testimonial-content\">Truth never damages a cause that is just.\n<\/div>\n\t\t\t\n\t\t\t\t\t\t<div class=\"elementor-testimonial-meta\">\n\t\t\t\t<div class=\"elementor-testimonial-meta-inner\">\n\t\t\t\t\t\n\t\t\t\t\t\t\t\t\t\t<div class=\"elementor-testimonial-details\">\n\t\t\t\t\t\t\t\t\t\t\t\t\t\t<div class=\"elementor-testimonial-name\">Mahatma Gandhi<\/div>\n\t\t\t\t\t\t\t\t\t\t\t\t\t\t\t\t\t\t\t<\/div>\n\t\t\t\t\t\t\t\t\t<\/div>\n\t\t\t<\/div>\n\t\t\t\t\t<\/div>\n\t\t\t\t<\/div>\n\t\t\t\t<\/div>\n\t\t\t\t\t<\/div>\n\t\t<\/div>\n\t\t\t\t\t\t\t<\/div>\n\t\t<\/section>\n\t\t\t\t\t\t<\/div>\n\t\t\t\t\t<\/div>\n\t\t","protected":false},"excerpt":{"rendered":"<p>WHO Texte NL En collaborant avec Charity OPTIMIZER, vous faites d\u2019abord appel \u00e0 une personne, Serge Schmitz, qui impliquera son r\u00e9seau d\u2019experts selon les besoins (strat\u00e8ges, copywriters, graphistes, web designers et autres sp\u00e9cialistes). Vous b\u00e9n\u00e9ficierez ainsi des exp\u00e9riences acquises pendant pr\u00e8s de 20 ans aupr\u00e8s d&#8217;associations embl\u00e9matiques telles que M\u00e9decins Sans Fronti\u00e8res ou Unicef, ainsi<\/p>\n","protected":false},"author":1,"featured_media":0,"parent":0,"menu_order":0,"comment_status":"closed","ping_status":"closed","template":"","meta":[],"yoast_head":"<!-- This site is optimized with the Yoast SEO plugin v16.0.2 - https:\/\/yoast.com\/wordpress\/plugins\/seo\/ -->\n<title>Who - Charity Optimizer<\/title>\n<meta name=\"robots\" content=\"noindex, follow, max-snippet:-1, max-image-preview:large, max-video-preview:-1\" \/>\n<meta property=\"og:locale\" content=\"nl_NL\" \/>\n<meta property=\"og:type\" content=\"article\" \/>\n<meta property=\"og:title\" content=\"Who - Charity Optimizer\" \/>\n<meta property=\"og:description\" content=\"WHO Texte NL En collaborant avec Charity OPTIMIZER, vous faites d\u2019abord appel \u00e0 une personne, Serge Schmitz, qui impliquera son r\u00e9seau d\u2019experts selon les besoins (strat\u00e8ges, copywriters, graphistes, web designers et autres sp\u00e9cialistes). Vous b\u00e9n\u00e9ficierez ainsi des exp\u00e9riences acquises pendant pr\u00e8s de 20 ans aupr\u00e8s d&#8217;associations embl\u00e9matiques telles que M\u00e9decins Sans Fronti\u00e8res ou Unicef, ainsi\" \/>\n<meta property=\"og:url\" content=\"https:\/\/www.charityoptimizer.com\/nl\/who\/\" \/>\n<meta property=\"og:site_name\" content=\"Charity Optimizer\" \/>\n<meta property=\"article:modified_time\" content=\"2021-04-26T07:53:18+00:00\" \/>\n<meta name=\"twitter:label1\" content=\"Geschatte leestijd\">\n\t<meta name=\"twitter:data1\" content=\"2 minuten\">\n<script type=\"application\/ld+json\" class=\"yoast-schema-graph\">{\"@context\":\"https:\/\/schema.org\",\"@graph\":[{\"@type\":\"WebSite\",\"@id\":\"https:\/\/www.charityoptimizer.com\/#website\",\"url\":\"https:\/\/www.charityoptimizer.com\/\",\"name\":\"Charity Optimizer\",\"description\":\"\",\"potentialAction\":[{\"@type\":\"SearchAction\",\"target\":\"https:\/\/www.charityoptimizer.com\/?s={search_term_string}\",\"query-input\":\"required name=search_term_string\"}],\"inLanguage\":\"nl\"},{\"@type\":\"WebPage\",\"@id\":\"https:\/\/www.charityoptimizer.com\/nl\/who\/#webpage\",\"url\":\"https:\/\/www.charityoptimizer.com\/nl\/who\/\",\"name\":\"Who - Charity Optimizer\",\"isPartOf\":{\"@id\":\"https:\/\/www.charityoptimizer.com\/#website\"},\"datePublished\":\"2021-04-08T15:38:52+00:00\",\"dateModified\":\"2021-04-26T07:53:18+00:00\",\"breadcrumb\":{\"@id\":\"https:\/\/www.charityoptimizer.com\/nl\/who\/#breadcrumb\"},\"inLanguage\":\"nl\",\"potentialAction\":[{\"@type\":\"ReadAction\",\"target\":[\"https:\/\/www.charityoptimizer.com\/nl\/who\/\"]}]},{\"@type\":\"BreadcrumbList\",\"@id\":\"https:\/\/www.charityoptimizer.com\/nl\/who\/#breadcrumb\",\"itemListElement\":[{\"@type\":\"ListItem\",\"position\":1,\"item\":{\"@type\":\"WebPage\",\"@id\":\"https:\/\/www.charityoptimizer.com\/nl\/\",\"url\":\"https:\/\/www.charityoptimizer.com\/nl\/\",\"name\":\"Accueil\"}},{\"@type\":\"ListItem\",\"position\":2,\"item\":{\"@type\":\"WebPage\",\"@id\":\"https:\/\/www.charityoptimizer.com\/nl\/who\/\",\"url\":\"https:\/\/www.charityoptimizer.com\/nl\/who\/\",\"name\":\"Who\"}}]}]}<\/script>\n<!-- \/ Yoast SEO plugin. -->","_links":{"self":[{"href":"https:\/\/www.charityoptimizer.com\/nl\/wp-json\/wp\/v2\/pages\/13090"}],"collection":[{"href":"https:\/\/www.charityoptimizer.com\/nl\/wp-json\/wp\/v2\/pages"}],"about":[{"href":"https:\/\/www.charityoptimizer.com\/nl\/wp-json\/wp\/v2\/types\/page"}],"author":[{"embeddable":true,"href":"https:\/\/www.charityoptimizer.com\/nl\/wp-json\/wp\/v2\/users\/1"}],"replies":[{"embeddable":true,"href":"https:\/\/www.charityoptimizer.com\/nl\/wp-json\/wp\/v2\/comments?post=13090"}],"version-history":[{"count":3,"href":"https:\/\/www.charityoptimizer.com\/nl\/wp-json\/wp\/v2\/pages\/13090\/revisions"}],"predecessor-version":[{"id":13093,"href":"https:\/\/www.charityoptimizer.com\/nl\/wp-json\/wp\/v2\/pages\/13090\/revisions\/13093"}],"wp:attachment":[{"href":"https:\/\/www.charityoptimizer.com\/nl\/wp-json\/wp\/v2\/media?parent=13090"}],"curies":[{"name":"wp","href":"https:\/\/api.w.org\/{rel}","templated":true}]}}